{"id":5578,"date":"2023-02-15T14:34:13","date_gmt":"2023-02-15T13:34:13","guid":{"rendered":"https:\/\/sblegal.hu\/kapcsolat\/"},"modified":"2025-10-06T12:45:52","modified_gmt":"2025-10-06T10:45:52","slug":"contacts","status":"publish","type":"page","link":"https:\/\/sblegal.hu\/en\/contacts\/","title":{"rendered":"Contacts"},"content":{"rendered":"<p>[et_pb_section fb_built=&#8221;1&#8243; _builder_version=&#8221;4.19.5&#8243; _module_preset=&#8221;default&#8221; background_enable_color=&#8221;off&#8221; background_image=&#8221;https:\/\/sblegal.hu\/wp-content\/uploads\/2023\/03\/ugyvedi-iroda-background-6.jpg&#8221; background_position=&#8221;top_center&#8221; custom_margin=&#8221;0px||0px||false|false&#8221; custom_padding=&#8221;0px||0px||false|false&#8221; global_colors_info=&#8221;{}&#8221;][et_pb_row column_structure=&#8221;1_2,1_2&#8243; custom_padding_last_edited=&#8221;on|phone&#8221; _builder_version=&#8221;4.19.5&#8243; _module_preset=&#8221;default&#8221; use_background_color_gradient=&#8221;on&#8221; background_color_gradient_type=&#8221;circular&#8221; background_color_gradient_direction_radial=&#8221;top left&#8221; background_color_gradient_stops=&#8221;#009bac 0%|rgba(0,155,172,0.7) 48%|rgba(41,196,169,0) 48%&#8221; width=&#8221;100%&#8221; width_phone=&#8221;100%&#8221; width_last_edited=&#8221;off|desktop&#8221; max_width=&#8221;2560%&#8221; max_width_tablet=&#8221;&#8221; max_width_phone=&#8221;&#8221; max_width_last_edited=&#8221;on|phone&#8221; custom_padding=&#8221;100px||100px|0px|false|false&#8221; custom_padding_tablet=&#8221;50px||50px||false|false&#8221; custom_padding_phone=&#8221;50px||50px||false|false&#8221; animation_style=&#8221;fade&#8221; animation_delay=&#8221;500ms&#8221; background_last_edited=&#8221;on|tablet&#8221; use_background_color_gradient_tablet=&#8221;on&#8221; use_background_color_gradient_phone=&#8221;on&#8221; background_color_gradient_stops_tablet=&#8221;#009bac 0%|rgba(0,155,172,0.7) 72%|rgba(41,196,169,0) 72%&#8221; background_color_gradient_stops_phone=&#8221;#009bac 0%|rgba(0,155,172,0.7) 75%|rgba(41,196,169,0) 75%&#8221; global_colors_info=&#8221;{}&#8221; max_width__hover_enabled=&#8221;off|desktop&#8221;][et_pb_column type=&#8221;1_2&#8243; _builder_version=&#8221;4.19.5&#8243; _module_preset=&#8221;default&#8221; custom_padding=&#8221;|||5%|false|false&#8221; global_colors_info=&#8221;{}&#8221; custom_css_main_element_last_edited=&#8221;off|phone&#8221; custom_css_main_element_tablet=&#8221;order:2;&#8221;][dsm_block_reveal_text block_reveal_text=&#8221;CONTACTS&#8221; block_reveal_color=&#8221;#091a49&#8243; block_reveal_delay=&#8221;1&#8243; block_reveal_viewport=&#8221;100%&#8221; _builder_version=&#8221;4.23.4&#8243; _module_preset=&#8221;default&#8221; header_font=&#8221;Montserrat||||||||&#8221; header_text_color=&#8221;#ffffff&#8221; header_font_size=&#8221;40px&#8221; custom_margin=&#8221;||||false|false&#8221; custom_margin_phone=&#8221;0px||7px||false|false&#8221; custom_margin_last_edited=&#8221;off|desktop&#8221; header_font_size_tablet=&#8221;&#8221; header_font_size_phone=&#8221;25px&#8221; header_font_size_last_edited=&#8221;on|phone&#8221; global_colors_info=&#8221;{}&#8221;][\/dsm_block_reveal_text][\/et_pb_column][et_pb_column type=&#8221;1_2&#8243; _builder_version=&#8221;4.16&#8243; _module_preset=&#8221;default&#8221; global_colors_info=&#8221;{}&#8221;][\/et_pb_column][\/et_pb_row][\/et_pb_section][et_pb_section fb_built=&#8221;1&#8243; _builder_version=&#8221;4.19.5&#8243; _module_preset=&#8221;default&#8221; custom_padding=&#8221;10px||10px||false|false&#8221; global_colors_info=&#8221;{}&#8221;][et_pb_row _builder_version=&#8221;4.19.5&#8243; _module_preset=&#8221;default&#8221; global_colors_info=&#8221;{}&#8221;][et_pb_column type=&#8221;4_4&#8243; _builder_version=&#8221;4.19.5&#8243; _module_preset=&#8221;default&#8221; global_colors_info=&#8221;{}&#8221;][et_pb_text _builder_version=&#8221;4.23.4&#8243; _module_preset=&#8221;default&#8221; text_font=&#8221;|600||on|||||&#8221; text_text_color=&#8221;#009bac&#8221; text_font_size=&#8221;20px&#8221; text_orientation=&#8221;center&#8221; global_colors_info=&#8221;{}&#8221;]<\/p>\n<p>We await your inquiry:<\/p>\n<p>[\/et_pb_text][et_pb_text disabled_on=&#8221;off|off|off&#8221; _builder_version=&#8221;4.27.4&#8243; _module_preset=&#8221;default&#8221; text_orientation=&#8221;center&#8221; max_width=&#8221;800px&#8221; module_alignment=&#8221;center&#8221; hover_enabled=&#8221;0&#8243; global_colors_info=&#8221;{}&#8221; sticky_enabled=&#8221;0&#8243;]<\/p>\n<article class=\"text-token-text-primary w-full focus:outline-none scroll-mt-[calc(var(--header-height)+min(200px,max(70px,20svh)))]\" dir=\"auto\" data-turn-id=\"325671a4-e39b-48ee-a51e-a3ef3bbedb5c\" data-testid=\"conversation-turn-2\" data-scroll-anchor=\"true\" data-turn=\"assistant\" tabindex=\"-1\">\n<div class=\"text-base my-auto mx-auto pb-10 [--thread-content-margin:--spacing(4)] thread-sm:[--thread-content-margin:--spacing(6)] thread-lg:[--thread-content-margin:--spacing(16)] px-(--thread-content-margin)\">\n<div class=\"[--thread-content-max-width:40rem] thread-lg:[--thread-content-max-width:48rem] mx-auto max-w-(--thread-content-max-width) flex-1 group\/turn-messages focus-visible:outline-hidden relative flex w-full min-w-0 flex-col agent-turn\" tabindex=\"-1\">\n<div class=\"flex max-w-full flex-col grow\">\n<div data-message-author-role=\"assistant\" data-message-id=\"2ab6db8f-cc0f-4198-a574-526616286008\" dir=\"auto\" class=\"min-h-8 text-message relative flex w-full flex-col items-end gap-2 text-start break-words whitespace-normal [.text-message+&amp;]:mt-5\" data-message-model-slug=\"gpt-5\">\n<div class=\"flex w-full flex-col gap-1 empty:hidden first:pt-[1px]\">\n<div class=\"markdown prose dark:prose-invert w-full break-words light markdown-new-styling\">\n<p data-start=\"0\" data-end=\"282\" data-is-last-node=\"\" data-is-only-node=\"\">Our office is located in the popular and modern Infopark business district in \u00dajbuda, close to Kopaszi-g\u00e1t and Allee. If you arrive by car, parking is available either on the street or in the underground garage (visitor parking) \u2014 accessible from Neumann J\u00e1nos Street.<\/p>\n<\/div>\n<\/div>\n<\/div>\n<\/div>\n<div class=\"z-0 flex min-h-[46px] justify-start\"><\/div>\n<div class=\"mt-3 w-full empty:hidden\">\n<div class=\"text-center\"><\/div>\n<\/div>\n<\/div>\n<\/div>\n<\/article>\n<div aria-hidden=\"true\" data-edge=\"true\" class=\"pointer-events-none h-px w-px\"><\/div>\n<p>[\/et_pb_text][\/et_pb_column][\/et_pb_row][\/et_pb_section][et_pb_section fb_built=&#8221;1&#8243; specialty=&#8221;on&#8221; _builder_version=&#8221;4.19.5&#8243; _module_preset=&#8221;default&#8221; custom_margin=&#8221;0px||||false|false&#8221; custom_padding=&#8221;0px||||false|false&#8221; global_colors_info=&#8221;{}&#8221;][et_pb_column type=&#8221;1_2&#8243; _builder_version=&#8221;4.16&#8243; custom_padding=&#8221;|||&#8221; global_colors_info=&#8221;{}&#8221; custom_padding__hover=&#8221;|||&#8221;][et_pb_blurb title=&#8221;Address&#8221; use_icon=&#8221;on&#8221; font_icon=&#8221;&#xf3c5;||fa||900&#8243; icon_color=&#8221;#009bac&#8221; image_icon_background_color=&#8221;RGBA(255,255,255,0)&#8221; icon_placement=&#8221;left&#8221; image_icon_width=&#8221;26px&#8221; content_max_width=&#8221;1100px&#8221; _builder_version=&#8221;4.27.4&#8243; _module_preset=&#8221;default&#8221; header_font=&#8221;|600|||||||&#8221; body_link_text_color=&#8221;#009bac&#8221; custom_margin=&#8221;||||false|false&#8221; custom_padding=&#8221;||10px||false|false&#8221; global_colors_info=&#8221;{}&#8221;]<\/p>\n<p>1117 Budapest, Infopark s\u00e9t\u00e1ny 3. building B. floor 2<\/p>\n<p>[\/et_pb_blurb][dsm_embed_google_map address=&#8221;1117 Budapest, Infopark s\u00e9t\u00e1ny 3. B&#8221; zoom=&#8221;14&#8243; _builder_version=&#8221;4.27.4&#8243; _module_preset=&#8221;default&#8221; filter_saturate=&#8221;0%&#8221; global_colors_info=&#8221;{}&#8221;][\/dsm_embed_google_map][\/et_pb_column][et_pb_column type=&#8221;1_2&#8243; specialty_columns=&#8221;2&#8243; _builder_version=&#8221;4.16&#8243; custom_padding=&#8221;|||&#8221; global_colors_info=&#8221;{}&#8221; custom_padding__hover=&#8221;|||&#8221;][et_pb_row_inner column_structure=&#8221;1_2,1_2&#8243; _builder_version=&#8221;4.19.5&#8243; _module_preset=&#8221;default&#8221; custom_margin=&#8221;||0px||false|false&#8221; custom_padding=&#8221;||0px||false|false&#8221; global_colors_info=&#8221;{}&#8221;][et_pb_column_inner type=&#8221;1_2&#8243; saved_specialty_column_type=&#8221;1_2&#8243; _builder_version=&#8221;4.19.5&#8243; _module_preset=&#8221;default&#8221; global_colors_info=&#8221;{}&#8221;][et_pb_blurb title=&#8221;Mobile&#8221; use_icon=&#8221;on&#8221; font_icon=&#8221;&#xe00b;||divi||400&#8243; icon_color=&#8221;#009bac&#8221; image_icon_background_color=&#8221;RGBA(255,255,255,0)&#8221; icon_placement=&#8221;left&#8221; image_icon_width=&#8221;26px&#8221; content_max_width=&#8221;1100px&#8221; _builder_version=&#8221;4.23.4&#8243; _module_preset=&#8221;default&#8221; header_font=&#8221;|600|||||||&#8221; body_link_text_color=&#8221;#009bac&#8221; custom_margin=&#8221;||10px||false|false&#8221; global_colors_info=&#8221;{}&#8221;]<\/p>\n<p><a href=\"tel:+36309978756\">+36 30 997<\/a><a href=\"tel:+36309978756\"> 8756<\/a><br \/><a href=\"tel:+36307221021\">+36 30 722 1021<\/a><\/p>\n<p>[\/et_pb_blurb][\/et_pb_column_inner][et_pb_column_inner type=&#8221;1_2&#8243; saved_specialty_column_type=&#8221;1_2&#8243; _builder_version=&#8221;4.19.5&#8243; _module_preset=&#8221;default&#8221; global_colors_info=&#8221;{}&#8221;][et_pb_blurb title=&#8221;E-mail&#8221; use_icon=&#8221;on&#8221; font_icon=&#8221;&#xe076;||divi||400&#8243; icon_color=&#8221;#009bac&#8221; image_icon_background_color=&#8221;RGBA(255,255,255,0)&#8221; icon_placement=&#8221;left&#8221; image_icon_width=&#8221;26px&#8221; content_max_width=&#8221;1100px&#8221; _builder_version=&#8221;4.23.4&#8243; _module_preset=&#8221;default&#8221; header_font=&#8221;|600|||||||&#8221; body_link_text_color=&#8221;#009bac&#8221; custom_margin=&#8221;||||false|false&#8221; global_colors_info=&#8221;{}&#8221;]<\/p>\n<p><span><a href=\"mailto:fanny@sblegal.hu\">fanny@sblegal.hu<\/a><br \/><a href=\"mailto:benedek@sblegal.hu\">benedek@sblegal.hu<\/a><br \/><\/span><\/p>\n<p>[\/et_pb_blurb][\/et_pb_column_inner][\/et_pb_row_inner][et_pb_row_inner _builder_version=&#8221;4.19.5&#8243; _module_preset=&#8221;default&#8221; global_colors_info=&#8221;{}&#8221;][et_pb_column_inner saved_specialty_column_type=&#8221;1_2&#8243; _builder_version=&#8221;4.19.5&#8243; _module_preset=&#8221;default&#8221; global_colors_info=&#8221;{}&#8221;][et_pb_contact_form email=&#8221;fanny@sblegal.hu, benedek@sblegal.hu&#8221; custom_message=&#8221;https:\/\/sblegal.hu\/ kapcsolai \u0171rlap:||et_pb_line_break_holder||||et_pb_line_break_holder||N\u00e9v: %%Name%%||et_pb_line_break_holder||E-mail: %%Email%%||et_pb_line_break_holder||\u00dczenet: %%Message%%&#8221; use_redirect=&#8221;on&#8221; redirect_url=&#8221;https:\/\/sblegal.hu\/en\/thank-you\/&#8221; _builder_version=&#8221;4.23.4&#8243; _module_preset=&#8221;default&#8221; _unique_id=&#8221;3fe645e8-0fed-409a-b2af-dacdae59cc33&#8243; custom_button=&#8221;on&#8221; button_text_size=&#8221;16px&#8221; button_text_color=&#8221;#FFFFFF&#8221; button_bg_color=&#8221;#009bac&#8221; button_border_color=&#8221;#009bac&#8221; button_border_radius=&#8221;40px&#8221; button_icon=&#8221;&#x45;||divi||400&#8243; global_colors_info=&#8221;{}&#8221; button_text_color__hover_enabled=&#8221;on|hover&#8221; button_text_color__hover=&#8221;#009bac&#8221; button_bg_color__hover_enabled=&#8221;on|hover&#8221; button_bg_color__hover=&#8221;RGBA(255,255,255,0)&#8221; button_bg_enable_color__hover=&#8221;on&#8221;][et_pb_contact_field field_id=&#8221;Name&#8221; field_title=&#8221;Name&#8221; _builder_version=&#8221;4.23.4&#8243; global_colors_info=&#8221;{}&#8221; button_text_size__hover_enabled=&#8221;off&#8221; button_one_text_size__hover_enabled=&#8221;off&#8221; button_two_text_size__hover_enabled=&#8221;off&#8221; button_text_color__hover_enabled=&#8221;off&#8221; button_one_text_color__hover_enabled=&#8221;off&#8221; button_two_text_color__hover_enabled=&#8221;off&#8221; button_border_width__hover_enabled=&#8221;off&#8221; button_one_border_width__hover_enabled=&#8221;off&#8221; button_two_border_width__hover_enabled=&#8221;off&#8221; button_border_color__hover_enabled=&#8221;off&#8221; button_one_border_color__hover_enabled=&#8221;off&#8221; button_two_border_color__hover_enabled=&#8221;off&#8221; button_border_radius__hover_enabled=&#8221;off&#8221; button_one_border_radius__hover_enabled=&#8221;off&#8221; button_two_border_radius__hover_enabled=&#8221;off&#8221; button_letter_spacing__hover_enabled=&#8221;off&#8221; button_one_letter_spacing__hover_enabled=&#8221;off&#8221; button_two_letter_spacing__hover_enabled=&#8221;off&#8221; button_bg_color__hover_enabled=&#8221;off&#8221; button_one_bg_color__hover_enabled=&#8221;off&#8221; button_two_bg_color__hover_enabled=&#8221;off&#8221;][\/et_pb_contact_field][et_pb_contact_field field_id=&#8221;Email&#8221; field_title=&#8221;E-mail&#8221; field_type=&#8221;email&#8221; _builder_version=&#8221;4.23.4&#8243; global_colors_info=&#8221;{}&#8221; button_text_size__hover_enabled=&#8221;off&#8221; button_one_text_size__hover_enabled=&#8221;off&#8221; button_two_text_size__hover_enabled=&#8221;off&#8221; button_text_color__hover_enabled=&#8221;off&#8221; button_one_text_color__hover_enabled=&#8221;off&#8221; button_two_text_color__hover_enabled=&#8221;off&#8221; button_border_width__hover_enabled=&#8221;off&#8221; button_one_border_width__hover_enabled=&#8221;off&#8221; button_two_border_width__hover_enabled=&#8221;off&#8221; button_border_color__hover_enabled=&#8221;off&#8221; button_one_border_color__hover_enabled=&#8221;off&#8221; button_two_border_color__hover_enabled=&#8221;off&#8221; button_border_radius__hover_enabled=&#8221;off&#8221; button_one_border_radius__hover_enabled=&#8221;off&#8221; button_two_border_radius__hover_enabled=&#8221;off&#8221; button_letter_spacing__hover_enabled=&#8221;off&#8221; button_one_letter_spacing__hover_enabled=&#8221;off&#8221; button_two_letter_spacing__hover_enabled=&#8221;off&#8221; button_bg_color__hover_enabled=&#8221;off&#8221; button_one_bg_color__hover_enabled=&#8221;off&#8221; button_two_bg_color__hover_enabled=&#8221;off&#8221;][\/et_pb_contact_field][et_pb_contact_field field_id=&#8221;Message&#8221; field_title=&#8221;Message&#8221; field_type=&#8221;text&#8221; fullwidth_field=&#8221;on&#8221; _builder_version=&#8221;4.23.4&#8243; global_colors_info=&#8221;{}&#8221; button_text_size__hover_enabled=&#8221;off&#8221; button_one_text_size__hover_enabled=&#8221;off&#8221; button_two_text_size__hover_enabled=&#8221;off&#8221; button_text_color__hover_enabled=&#8221;off&#8221; button_one_text_color__hover_enabled=&#8221;off&#8221; button_two_text_color__hover_enabled=&#8221;off&#8221; button_border_width__hover_enabled=&#8221;off&#8221; button_one_border_width__hover_enabled=&#8221;off&#8221; button_two_border_width__hover_enabled=&#8221;off&#8221; button_border_color__hover_enabled=&#8221;off&#8221; button_one_border_color__hover_enabled=&#8221;off&#8221; button_two_border_color__hover_enabled=&#8221;off&#8221; button_border_radius__hover_enabled=&#8221;off&#8221; button_one_border_radius__hover_enabled=&#8221;off&#8221; button_two_border_radius__hover_enabled=&#8221;off&#8221; button_letter_spacing__hover_enabled=&#8221;off&#8221; button_one_letter_spacing__hover_enabled=&#8221;off&#8221; button_two_letter_spacing__hover_enabled=&#8221;off&#8221; button_bg_color__hover_enabled=&#8221;off&#8221; button_one_bg_color__hover_enabled=&#8221;off&#8221; button_two_bg_color__hover_enabled=&#8221;off&#8221;][\/et_pb_contact_field][\/et_pb_contact_form][\/et_pb_column_inner][\/et_pb_row_inner][\/et_pb_column][\/et_pb_section]<\/p>\n","protected":false},"excerpt":{"rendered":"<p><div class=\"et_pb_module dsm_block_reveal_text dsm_block_reveal_text_0\">\n\t\t\t\t\n\t\t\t\t\n\t\t\t\t\n\t\t\t\t\n\t\t\t\t\n\t\t\t\t\n\t\t\t\t<div class=\"et_pb_module_inner\">\n\t\t\t\t\t<div class=\"dsm_block_reveal_text_wrapper\" data-dsm-block-reveal-animation=\"lr\" data-dsm-block-reveal-color=\"#091a49\" data-dsm-block-reveal-delay=\"1\" data-dsm-block-reveal-viewport=\"100%\"><h2 class=\"dsm_block_reveal_text_header et_pb_module_header\">CONTACTS<\/h2><\/div>\n\t\t\t\t<\/div>\n\t\t\t<\/div>We await your inquiry: Our office is located in the popular and modern Infopark business district in \u00dajbuda, close to Kopaszi-g\u00e1t and Allee. If you arrive by car, parking is available either on the street or in the underground garage (visitor parking) \u2014 accessible from Neumann J\u00e1nos Street. 1117 Budapest, Infopark s\u00e9t\u00e1ny 3. building B. floor 2<div class=\"et_pb_module dsm_embed_google_map dsm_embed_google_map_0\">\n\t\t\t\t\n\t\t\t\t\n\t\t\t\t\n\t\t\t\t\n\t\t\t\t\n\t\t\t\t\n\t\t\t\t<div class=\"et_pb_module_inner\">\n\t\t\t\t\t<iframe frameborder=\"0\" scrolling=\"no\" marginheight=\"0\" marginwidth=\"0\" referrerPolicy=\"no-referrer-when-downgrade\" data-src=\"https:\/\/maps.google.com\/maps?q=1117%20Budapest%2C%20Infopark%20s%C3%A9t%C3%A1ny%203.%20B&amp;t=m&amp;z=14&amp;output=embed&amp;iwloc=near&hl=en_US\" aria-label=\"1117 Budapest, Infopark s\u00e9t\u00e1ny 3. B\" src=\"data:image\/svg+xml;base64,PHN2ZyB3aWR0aD0iMSIgaGVpZ2h0PSIxIiB4bWxucz0iaHR0cDovL3d3dy53My5vcmcvMjAwMC9zdmciPjwvc3ZnPg==\" class=\"lazyload\" data-load-mode=\"1\"><\/iframe>\n\t\t\t\t<\/div>\n\t\t\t<\/div>+36 30 997 8756+36 30 722 1021fanny@sblegal.hubenedek@sblegal.hu<\/p>\n","protected":false},"author":1,"featured_media":0,"parent":0,"menu_order":0,"comment_status":"closed","ping_status":"closed","template":"","meta":{"_et_pb_use_builder":"on","_et_pb_old_content":"","_et_gb_content_width":"","footnotes":""},"class_list":["post-5578","page","type-page","status-publish","hentry"],"yoast_head":"<!-- This site is optimized with the Yoast SEO plugin v27.4 - https:\/\/yoast.com\/product\/yoast-seo-wordpress\/ -->\n<title>Contacts - Szokolay &amp; Buz\u00e1s Law Firm<\/title>\n<meta name=\"description\" content=\"Our office is a few minutes walk from M\u00f3ricz Zsigmond k\u00f6rt\u00e9r, near to Allee and accessible easily by foot, by car, or by public transportation.\" \/>\n<meta name=\"robots\" content=\"index, follow, max-snippet:-1, max-image-preview:large, max-video-preview:-1\" \/>\n<link rel=\"canonical\" href=\"https:\/\/sblegal.hu\/en\/contacts\/\" \/>\n<meta property=\"og:locale\" content=\"en_US\" \/>\n<meta property=\"og:type\" content=\"article\" \/>\n<meta property=\"og:title\" content=\"Contacts - Szokolay &amp; Buz\u00e1s Law Firm\" \/>\n<meta property=\"og:description\" content=\"Our office is a few minutes walk from M\u00f3ricz Zsigmond k\u00f6rt\u00e9r, near to Allee and accessible easily by foot, by car, or by public transportation.\" \/>\n<meta property=\"og:url\" content=\"https:\/\/sblegal.hu\/en\/contacts\/\" \/>\n<meta property=\"og:site_name\" content=\"Szokolay &amp; Buz\u00e1s \u00dcgyv\u00e9di Iroda\" \/>\n<meta property=\"article:modified_time\" content=\"2025-10-06T10:45:52+00:00\" \/>\n<meta property=\"og:image\" content=\"https:\/\/sblegal.hu\/wp-content\/uploads\/2024\/04\/Szokolay-Buzas-Ugyvedi-Iroda-og.jpg\" \/>\n\t<meta property=\"og:image:width\" content=\"1125\" \/>\n\t<meta property=\"og:image:height\" content=\"633\" \/>\n\t<meta property=\"og:image:type\" content=\"image\/jpeg\" \/>\n<meta name=\"twitter:card\" content=\"summary_large_image\" \/>\n<meta name=\"twitter:label1\" content=\"Est. reading time\" \/>\n\t<meta name=\"twitter:data1\" content=\"1 minute\" \/>\n<script type=\"application\/ld+json\" class=\"yoast-schema-graph\">{\"@context\":\"https:\\\/\\\/schema.org\",\"@graph\":[{\"@type\":\"WebPage\",\"@id\":\"https:\\\/\\\/sblegal.hu\\\/en\\\/contacts\\\/\",\"url\":\"https:\\\/\\\/sblegal.hu\\\/en\\\/contacts\\\/\",\"name\":\"Contacts - Szokolay & Buz\u00e1s Law Firm\",\"isPartOf\":{\"@id\":\"https:\\\/\\\/sblegal.hu\\\/#website\"},\"datePublished\":\"2023-02-15T13:34:13+00:00\",\"dateModified\":\"2025-10-06T10:45:52+00:00\",\"description\":\"Our office is a few minutes walk from M\u00f3ricz Zsigmond k\u00f6rt\u00e9r, near to Allee and accessible easily by foot, by car, or by public transportation.\",\"breadcrumb\":{\"@id\":\"https:\\\/\\\/sblegal.hu\\\/en\\\/contacts\\\/#breadcrumb\"},\"inLanguage\":\"en-US\",\"potentialAction\":[{\"@type\":\"ReadAction\",\"target\":[\"https:\\\/\\\/sblegal.hu\\\/en\\\/contacts\\\/\"]}]},{\"@type\":\"BreadcrumbList\",\"@id\":\"https:\\\/\\\/sblegal.hu\\\/en\\\/contacts\\\/#breadcrumb\",\"itemListElement\":[{\"@type\":\"ListItem\",\"position\":1,\"name\":\"Kezd\u0151lap\",\"item\":\"https:\\\/\\\/sblegal.hu\\\/en\\\/\"},{\"@type\":\"ListItem\",\"position\":2,\"name\":\"Contacts\"}]},{\"@type\":\"WebSite\",\"@id\":\"https:\\\/\\\/sblegal.hu\\\/#website\",\"url\":\"https:\\\/\\\/sblegal.hu\\\/\",\"name\":\"Szokolay &amp; Buz\u00e1s \u00dcgyv\u00e9di Iroda\",\"description\":\"K\u00f6zvetlen.Hat\u00e9kony.Kreat\u00edv.\",\"publisher\":{\"@id\":\"https:\\\/\\\/sblegal.hu\\\/#organization\"},\"potentialAction\":[{\"@type\":\"SearchAction\",\"target\":{\"@type\":\"EntryPoint\",\"urlTemplate\":\"https:\\\/\\\/sblegal.hu\\\/?s={search_term_string}\"},\"query-input\":{\"@type\":\"PropertyValueSpecification\",\"valueRequired\":true,\"valueName\":\"search_term_string\"}}],\"inLanguage\":\"en-US\"},{\"@type\":\"Organization\",\"@id\":\"https:\\\/\\\/sblegal.hu\\\/#organization\",\"name\":\"Szokolay &amp; Buz\u00e1s \u00dcgyv\u00e9di Iroda\",\"url\":\"https:\\\/\\\/sblegal.hu\\\/\",\"logo\":{\"@type\":\"ImageObject\",\"inLanguage\":\"en-US\",\"@id\":\"https:\\\/\\\/sblegal.hu\\\/#\\\/schema\\\/logo\\\/image\\\/\",\"url\":\"https:\\\/\\\/sblegal.hu\\\/wp-content\\\/uploads\\\/2024\\\/04\\\/SB-Legal-logo.png\",\"contentUrl\":\"https:\\\/\\\/sblegal.hu\\\/wp-content\\\/uploads\\\/2024\\\/04\\\/SB-Legal-logo.png\",\"width\":400,\"height\":174,\"caption\":\"Szokolay &amp; Buz\u00e1s \u00dcgyv\u00e9di Iroda\"},\"image\":{\"@id\":\"https:\\\/\\\/sblegal.hu\\\/#\\\/schema\\\/logo\\\/image\\\/\"}}]}<\/script>\n<!-- \/ Yoast SEO plugin. -->","yoast_head_json":{"title":"Contacts - Szokolay & Buz\u00e1s Law Firm","description":"Our office is a few minutes walk from M\u00f3ricz Zsigmond k\u00f6rt\u00e9r, near to Allee and accessible easily by foot, by car, or by public transportation.","robots":{"index":"index","follow":"follow","max-snippet":"max-snippet:-1","max-image-preview":"max-image-preview:large","max-video-preview":"max-video-preview:-1"},"canonical":"https:\/\/sblegal.hu\/en\/contacts\/","og_locale":"en_US","og_type":"article","og_title":"Contacts - Szokolay & Buz\u00e1s Law Firm","og_description":"Our office is a few minutes walk from M\u00f3ricz Zsigmond k\u00f6rt\u00e9r, near to Allee and accessible easily by foot, by car, or by public transportation.","og_url":"https:\/\/sblegal.hu\/en\/contacts\/","og_site_name":"Szokolay &amp; Buz\u00e1s \u00dcgyv\u00e9di Iroda","article_modified_time":"2025-10-06T10:45:52+00:00","og_image":[{"width":1125,"height":633,"url":"https:\/\/sblegal.hu\/wp-content\/uploads\/2024\/04\/Szokolay-Buzas-Ugyvedi-Iroda-og.jpg","type":"image\/jpeg"}],"twitter_card":"summary_large_image","twitter_misc":{"Est. reading time":"1 minute"},"schema":{"@context":"https:\/\/schema.org","@graph":[{"@type":"WebPage","@id":"https:\/\/sblegal.hu\/en\/contacts\/","url":"https:\/\/sblegal.hu\/en\/contacts\/","name":"Contacts - Szokolay & Buz\u00e1s Law Firm","isPartOf":{"@id":"https:\/\/sblegal.hu\/#website"},"datePublished":"2023-02-15T13:34:13+00:00","dateModified":"2025-10-06T10:45:52+00:00","description":"Our office is a few minutes walk from M\u00f3ricz Zsigmond k\u00f6rt\u00e9r, near to Allee and accessible easily by foot, by car, or by public transportation.","breadcrumb":{"@id":"https:\/\/sblegal.hu\/en\/contacts\/#breadcrumb"},"inLanguage":"en-US","potentialAction":[{"@type":"ReadAction","target":["https:\/\/sblegal.hu\/en\/contacts\/"]}]},{"@type":"BreadcrumbList","@id":"https:\/\/sblegal.hu\/en\/contacts\/#breadcrumb","itemListElement":[{"@type":"ListItem","position":1,"name":"Kezd\u0151lap","item":"https:\/\/sblegal.hu\/en\/"},{"@type":"ListItem","position":2,"name":"Contacts"}]},{"@type":"WebSite","@id":"https:\/\/sblegal.hu\/#website","url":"https:\/\/sblegal.hu\/","name":"Szokolay &amp; Buz\u00e1s \u00dcgyv\u00e9di Iroda","description":"K\u00f6zvetlen.Hat\u00e9kony.Kreat\u00edv.","publisher":{"@id":"https:\/\/sblegal.hu\/#organization"},"potentialAction":[{"@type":"SearchAction","target":{"@type":"EntryPoint","urlTemplate":"https:\/\/sblegal.hu\/?s={search_term_string}"},"query-input":{"@type":"PropertyValueSpecification","valueRequired":true,"valueName":"search_term_string"}}],"inLanguage":"en-US"},{"@type":"Organization","@id":"https:\/\/sblegal.hu\/#organization","name":"Szokolay &amp; Buz\u00e1s \u00dcgyv\u00e9di Iroda","url":"https:\/\/sblegal.hu\/","logo":{"@type":"ImageObject","inLanguage":"en-US","@id":"https:\/\/sblegal.hu\/#\/schema\/logo\/image\/","url":"https:\/\/sblegal.hu\/wp-content\/uploads\/2024\/04\/SB-Legal-logo.png","contentUrl":"https:\/\/sblegal.hu\/wp-content\/uploads\/2024\/04\/SB-Legal-logo.png","width":400,"height":174,"caption":"Szokolay &amp; Buz\u00e1s \u00dcgyv\u00e9di Iroda"},"image":{"@id":"https:\/\/sblegal.hu\/#\/schema\/logo\/image\/"}}]}},"_links":{"self":[{"href":"https:\/\/sblegal.hu\/en\/wp-json\/wp\/v2\/pages\/5578","targetHints":{"allow":["GET"]}}],"collection":[{"href":"https:\/\/sblegal.hu\/en\/wp-json\/wp\/v2\/pages"}],"about":[{"href":"https:\/\/sblegal.hu\/en\/wp-json\/wp\/v2\/types\/page"}],"author":[{"embeddable":true,"href":"https:\/\/sblegal.hu\/en\/wp-json\/wp\/v2\/users\/1"}],"replies":[{"embeddable":true,"href":"https:\/\/sblegal.hu\/en\/wp-json\/wp\/v2\/comments?post=5578"}],"version-history":[{"count":11,"href":"https:\/\/sblegal.hu\/en\/wp-json\/wp\/v2\/pages\/5578\/revisions"}],"predecessor-version":[{"id":5760,"href":"https:\/\/sblegal.hu\/en\/wp-json\/wp\/v2\/pages\/5578\/revisions\/5760"}],"wp:attachment":[{"href":"https:\/\/sblegal.hu\/en\/wp-json\/wp\/v2\/media?parent=5578"}],"curies":[{"name":"wp","href":"https:\/\/api.w.org\/{rel}","templated":true}]}}